{"id":2,"date":"2025-02-15T20:38:09","date_gmt":"2025-02-15T20:38:09","guid":{"rendered":"http:\/\/www.ibrahimyumlu.com.tr\/?page_id=2"},"modified":"2025-02-16T20:02:56","modified_gmt":"2025-02-16T20:02:56","slug":"ana-sayfa","status":"publish","type":"page","link":"https:\/\/ibrahimyumlu.com.tr\/","title":{"rendered":"Ana Sayfa"},"content":{"rendered":"\t\t<div data-elementor-type=\"wp-page\" data-elementor-id=\"2\" class=\"elementor elementor-2\" data-elementor-settings=\"{&quot;ha_cmc_init_switcher&quot;:&quot;no&quot;}\">\n\t\t\t\t<div class=\"elementor-element elementor-element-45d889a e-flex e-con-boxed wpr-particle-no wpr-jarallax-no wpr-parallax-no wpr-sticky-section-no wpr-equal-height-no e-con e-parent\" data-id=\"45d889a\" data-element_type=\"container\" data-e-type=\"container\" data-settings=\"{&quot;background_background&quot;:&quot;classic&quot;,&quot;_ha_eqh_enable&quot;:false}\">\n\t\t\t\t\t<div class=\"e-con-inner\">\n\t\t<div class=\"elementor-element elementor-element-fec5d25 e-con-full e-flex wpr-particle-no wpr-jarallax-no wpr-parallax-no wpr-sticky-section-no wpr-equal-height-no e-con e-child\" data-id=\"fec5d25\" data-element_type=\"container\" data-e-type=\"container\" data-settings=\"{&quot;_ha_eqh_enable&quot;:false}\">\n\t\t\t\t<div class=\"elementor-element elementor-element-b6858a1 elementor-widget elementor-widget-image\" data-id=\"b6858a1\" data-element_type=\"widget\" data-e-type=\"widget\" data-widget_type=\"image.default\">\n\t\t\t\t<div class=\"elementor-widget-container\">\n\t\t\t\t\t\t\t\t\t\t\t\t\t\t\t<img fetchpriority=\"high\" decoding=\"async\" width=\"683\" height=\"1024\" src=\"https:\/\/i0.wp.com\/ibrahimyumlu.com.tr\/wp-content\/uploads\/2025\/02\/WhatsApp-Image-2025-02-11-at-13.43.51.jpeg?fit=683%2C1024&amp;ssl=1\" class=\"attachment-large size-large wp-image-13\" alt=\"\" srcset=\"https:\/\/i0.wp.com\/ibrahimyumlu.com.tr\/wp-content\/uploads\/2025\/02\/WhatsApp-Image-2025-02-11-at-13.43.51.jpeg?w=1066&amp;ssl=1 1066w, https:\/\/i0.wp.com\/ibrahimyumlu.com.tr\/wp-content\/uploads\/2025\/02\/WhatsApp-Image-2025-02-11-at-13.43.51.jpeg?resize=200%2C300&amp;ssl=1 200w, https:\/\/i0.wp.com\/ibrahimyumlu.com.tr\/wp-content\/uploads\/2025\/02\/WhatsApp-Image-2025-02-11-at-13.43.51.jpeg?resize=683%2C1024&amp;ssl=1 683w, https:\/\/i0.wp.com\/ibrahimyumlu.com.tr\/wp-content\/uploads\/2025\/02\/WhatsApp-Image-2025-02-11-at-13.43.51.jpeg?resize=768%2C1152&amp;ssl=1 768w, https:\/\/i0.wp.com\/ibrahimyumlu.com.tr\/wp-content\/uploads\/2025\/02\/WhatsApp-Image-2025-02-11-at-13.43.51.jpeg?resize=1024%2C1536&amp;ssl=1 1024w\" sizes=\"(max-width: 683px) 100vw, 683px\" \/>\t\t\t\t\t\t\t\t\t\t\t\t\t\t\t<\/div>\n\t\t\t\t<\/div>\n\t\t\t\t<\/div>\n\t\t<div class=\"elementor-element elementor-element-b7822b9 e-con-full e-flex wpr-particle-no wpr-jarallax-no wpr-parallax-no wpr-sticky-section-no wpr-equal-height-no e-con e-child\" data-id=\"b7822b9\" data-element_type=\"container\" data-e-type=\"container\" data-settings=\"{&quot;_ha_eqh_enable&quot;:false}\">\n\t\t<div class=\"elementor-element elementor-element-a5aaa8b e-con-full e-flex wpr-particle-no wpr-jarallax-no wpr-parallax-no wpr-sticky-section-no wpr-equal-height-no e-con e-child\" data-id=\"a5aaa8b\" data-element_type=\"container\" data-e-type=\"container\" data-settings=\"{&quot;_ha_eqh_enable&quot;:false}\">\n\t\t\t\t<div class=\"elementor-element elementor-element-073788d elementor-widget__width-initial elementor-widget elementor-widget-heading\" data-id=\"073788d\" data-element_type=\"widget\" data-e-type=\"widget\" data-widget_type=\"heading.default\">\n\t\t\t\t<div class=\"elementor-widget-container\">\n\t\t\t\t\t<h2 class=\"elementor-heading-title elementor-size-default\">\u0130brahim Yumlu <br>\nYumlu Yap\u0131 A.\u015e. Y\u00f6netim Kurulu Ba\u015fkan\u0131<\/h2>\t\t\t\t<\/div>\n\t\t\t\t<\/div>\n\t\t\t\t<div class=\"elementor-element elementor-element-68b4b6e elementor-widget__width-initial elementor-widget elementor-widget-text-editor\" data-id=\"68b4b6e\" data-element_type=\"widget\" data-e-type=\"widget\" data-widget_type=\"text-editor.default\">\n\t\t\t\t<div class=\"elementor-widget-container\">\n\t\t\t\t\t\t\t\t\t<p><strong>\u00d6ZGE\u00c7M\u0130\u015e<\/strong><\/p><p><br \/>\u0130brahim Yumlu, 1 \u015eubat 1993 tarihinde Mu\u015f&#8217;ta do\u011fdu. \u00dcniversite e\u011fitimini \u0130stanbul Geli\u015fim \u00dcniversitesi \u0130n\u015faat Fak\u00fcltesi&#8217;nde tamamlayarak mezun oldu. \u0130n\u015faat sekt\u00f6r\u00fcnde kariyerine ba\u015flad\u0131ktan sonra giri\u015fimci ruhu ve uzmanl\u0131\u011f\u0131yla k\u0131sa s\u00fcrede sekt\u00f6rde tan\u0131nm\u0131\u015f bir isim haline geldi.<\/p><p>\u0130stanbul&#8217;da faaliyet g\u00f6steren kurucusu oldu\u011fu Yumlu Yap\u0131 A.\u015e firmas\u0131nda ayn\u0131 zamanda \u0130n\u015faat m\u00fcteahhidi olarak da aktif g\u00f6rev almaktad\u0131r. \u0130brahim Yumlu, \u015fehrin geli\u015fimine ve d\u00f6n\u00fc\u015f\u00fcm\u00fcne \u00f6nemli katk\u0131larda bulunmaktad\u0131r. Kendisine ait projelerle kaliteli ve s\u00fcrd\u00fcr\u00fclebilir yap\u0131lar in\u015fa etmektedir. Profesyonel yakla\u015f\u0131m\u0131 ve yenilik\u00e7i bak\u0131\u015f a\u00e7\u0131s\u0131yla sekt\u00f6rde \u00f6ne \u00e7\u0131kmaktad\u0131r.<\/p><p>\u0130brahim Yumlu, in\u015faat alan\u0131ndaki bilgi ve deneyimini kullanarak, m\u00fc\u015fterilerinin ihtiya\u00e7lar\u0131na uygun \u00e7\u00f6z\u00fcmler sunmakta ve projelerini zaman\u0131nda ve ba\u015far\u0131yla tamamlamaktad\u0131r. M\u00fcteahhitlik kariyerindeki ba\u015far\u0131lar\u0131yla tan\u0131nan Yumlu, sekt\u00f6rdeki liderler aras\u0131nda yer almay\u0131 ba\u015farm\u0131\u015ft\u0131r.<\/p><p>\u0130brahim Yumlu, in\u015faat sekt\u00f6r\u00fcndeki ba\u015far\u0131lar\u0131yla sadece i\u015f hayat\u0131nda de\u011fil, ayn\u0131 zamanda topluma ve \u00e7evreye duyarl\u0131l\u0131\u011f\u0131yla da \u00f6ne \u00e7\u0131kan bir i\u015f insan\u0131d\u0131r. Gelecek projelerinde de s\u00fcrd\u00fcr\u00fclebilirlik ve yenilik\u00e7ilik ilkelerini benimsemeye devam etmektedir.<\/p>\t\t\t\t\t\t\t\t<\/div>\n\t\t\t\t<\/div>\n\t\t\t\t<\/div>\n\t\t\t\t<\/div>\n\t\t<div class=\"elementor-element elementor-element-92c0f4c e-con-full e-flex wpr-particle-no wpr-jarallax-no wpr-parallax-no wpr-sticky-section-no wpr-equal-height-no e-con e-child\" data-id=\"92c0f4c\" data-element_type=\"container\" data-e-type=\"container\" data-settings=\"{&quot;_ha_eqh_enable&quot;:false}\">\n\t\t\t\t<div class=\"elementor-element elementor-element-3111cdb elementor-widget elementor-widget-image\" data-id=\"3111cdb\" data-element_type=\"widget\" data-e-type=\"widget\" data-widget_type=\"image.default\">\n\t\t\t\t<div class=\"elementor-widget-container\">\n\t\t\t\t\t\t\t\t\t\t\t\t\t\t\t\t<a href=\"http:\/\/www.yumluyapi.com.tr\/\" target=\"_blank\">\n\t\t\t\t\t\t\t<img decoding=\"async\" width=\"300\" height=\"111\" src=\"https:\/\/i0.wp.com\/ibrahimyumlu.com.tr\/wp-content\/uploads\/2025\/02\/yumlu_yapi_logo-1-e1739734776741.png?fit=300%2C111&amp;ssl=1\" class=\"attachment-medium size-medium wp-image-19\" alt=\"\" srcset=\"https:\/\/i0.wp.com\/ibrahimyumlu.com.tr\/wp-content\/uploads\/2025\/02\/yumlu_yapi_logo-1-e1739734776741.png?w=1080&amp;ssl=1 1080w, https:\/\/i0.wp.com\/ibrahimyumlu.com.tr\/wp-content\/uploads\/2025\/02\/yumlu_yapi_logo-1-e1739734776741.png?resize=300%2C111&amp;ssl=1 300w, https:\/\/i0.wp.com\/ibrahimyumlu.com.tr\/wp-content\/uploads\/2025\/02\/yumlu_yapi_logo-1-e1739734776741.png?resize=1024%2C379&amp;ssl=1 1024w, https:\/\/i0.wp.com\/ibrahimyumlu.com.tr\/wp-content\/uploads\/2025\/02\/yumlu_yapi_logo-1-e1739734776741.png?resize=768%2C284&amp;ssl=1 768w\" sizes=\"(max-width: 300px) 100vw, 300px\" \/>\t\t\t\t\t\t\t\t<\/a>\n\t\t\t\t\t\t\t\t\t\t\t\t\t\t\t<\/div>\n\t\t\t\t<\/div>\n\t\t\t\t<\/div>\n\t\t\t\t\t<\/div>\n\t\t\t\t<\/div>\n\t\t\t\t<\/div>\n\t\t","protected":false},"excerpt":{"rendered":"<p>\u0130brahim Yumlu Yumlu Yap\u0131 A.\u015e. Y\u00f6netim Kurulu Ba\u015fkan\u0131 \u00d6ZGE\u00c7M\u0130\u015e \u0130brahim Yumlu, 1 \u015eubat 1993 tarihinde Mu\u015f&#8217;ta do\u011fdu. \u00dcniversite e\u011fitimini \u0130stanbul Geli\u015fim \u00dcniversitesi \u0130n\u015faat Fak\u00fcltesi&#8217;nde tamamlayarak&hellip;<\/p>\n","protected":false},"author":1,"featured_media":0,"parent":0,"menu_order":0,"comment_status":"closed","ping_status":"closed","template":"elementor_header_footer","meta":{"advanced_seo_description":"","jetpack_seo_html_title":"","jetpack_seo_noindex":false,"footnotes":""},"class_list":["post-2","page","type-page","status-publish","hentry"],"jetpack_sharing_enabled":true,"_links":{"self":[{"href":"https:\/\/ibrahimyumlu.com.tr\/index.php?rest_route=\/wp\/v2\/pages\/2","targetHints":{"allow":["GET"]}}],"collection":[{"href":"https:\/\/ibrahimyumlu.com.tr\/index.php?rest_route=\/wp\/v2\/pages"}],"about":[{"href":"https:\/\/ibrahimyumlu.com.tr\/index.php?rest_route=\/wp\/v2\/types\/page"}],"author":[{"embeddable":true,"href":"https:\/\/ibrahimyumlu.com.tr\/index.php?rest_route=\/wp\/v2\/users\/1"}],"replies":[{"embeddable":true,"href":"https:\/\/ibrahimyumlu.com.tr\/index.php?rest_route=%2Fwp%2Fv2%2Fcomments&post=2"}],"version-history":[{"count":11,"href":"https:\/\/ibrahimyumlu.com.tr\/index.php?rest_route=\/wp\/v2\/pages\/2\/revisions"}],"predecessor-version":[{"id":54,"href":"https:\/\/ibrahimyumlu.com.tr\/index.php?rest_route=\/wp\/v2\/pages\/2\/revisions\/54"}],"wp:attachment":[{"href":"https:\/\/ibrahimyumlu.com.tr\/index.php?rest_route=%2Fwp%2Fv2%2Fmedia&parent=2"}],"curies":[{"name":"wp","href":"https:\/\/api.w.org\/{rel}","templated":true}]}}